{"id":234,"date":"2015-11-23T19:23:43","date_gmt":"2015-11-23T18:23:43","guid":{"rendered":"http:\/\/www.segm.fr\/newsite\/?page_id=234"},"modified":"2021-05-20T13:38:08","modified_gmt":"2021-05-20T12:38:08","slug":"mentions-legales","status":"publish","type":"page","link":"https:\/\/www.segm.fr\/gb\/mentions-legales\/","title":{"rendered":"Legal mentions"},"content":{"rendered":"\t\t<div data-elementor-type=\"wp-page\" data-elementor-id=\"234\" class=\"elementor elementor-234\">\n\t\t\t\t\t\t<section class=\"has_eae_slider elementor-section elementor-top-section elementor-element elementor-element-2335178 elementor-section-boxed elementor-section-height-default elementor-section-height-default\" data-eae-slider=\"88287\" data-id=\"2335178\" data-element_type=\"section\" data-e-type=\"section\">\n\t\t\t\t\t\t<div class=\"elementor-container elementor-column-gap-default\">\n\t\t\t\t\t<div class=\"has_eae_slider elementor-column elementor-col-100 elementor-top-column elementor-element elementor-element-3f237ce\" data-eae-slider=\"68211\" data-id=\"3f237ce\" data-element_type=\"column\" data-e-type=\"column\">\n\t\t\t<div class=\"elementor-widget-wrap elementor-element-populated\">\n\t\t\t\t\t\t<div class=\"elementor-element elementor-element-f73055d elementor-widget elementor-widget-text-editor\" data-id=\"f73055d\" data-element_type=\"widget\" data-e-type=\"widget\" data-widget_type=\"text-editor.default\">\n\t\t\t\t<div class=\"elementor-widget-container\">\n\t\t\t\t\t\t\t\t\t<p><span style=\"font-size: 16px;\"><strong>Limitation de responsabilit\u00e9<\/strong><\/span><br \/><span style=\"font-size: 14px;\">L\u2019utilisateur reconna\u00eet avoir pris connaissance des pr\u00e9sentes conditions d\u2019utilisation et s\u2019engage \u00e0 les respecter.<\/span><br \/><span style=\"font-size: 14px;\">L\u2019utilisateur du site internet \u00ab www.segm.fr \u00bb reconna\u00eet disposer de la comp\u00e9tence et des moyens n\u00e9cessaires pour acc\u00e9der et utiliser ce site. SEGM ne saurait \u00eatre tenue pour responsable des erreurs, d\u2019une absence de disponibilit\u00e9 des fonctionnalit\u00e9s et\/ou de la pr\u00e9sence de virus sur son site. En cons\u00e9quence, l\u2019utilisateur reconna\u00eet utiliser les informations contenues sur ce site sous sa responsabilit\u00e9 exclusive.<\/span><\/p>\n<p><strong><span style=\"font-size: 16px;\">Informatique et libert\u00e9s<\/span><\/strong><br \/><span style=\"font-size: 14px;\">Conform\u00e9ment \u00e0 la loi \u00ab informatique et libert\u00e9s \u00bb du 6 janvier 1978 modifi\u00e9e en 2004, vous b\u00e9n\u00e9ficiez d\u2019un droit d\u2019acc\u00e8s et de rectification aux informations qui vous concernent, que vous pouvez exercer en vous adressant par courrier accompagn\u00e9 d\u2019une copie d\u2019un titre d\u2019identit\u00e9 comportant une signature \u00e0 :<\/span><\/p>\n<p><strong><span style=\"font-size: 14px;\">SEGM<\/span><\/strong><br \/><strong><span style=\"font-size: 14px;\">David Gautheron<\/span><\/strong><br \/><span style=\"font-size: 14px;\">ZI de F\u00eatan<\/span><br \/><span style=\"font-size: 14px;\">59, all\u00e9e des artisans<\/span><br \/><span style=\"font-size: 14px;\">01600 Tr\u00e9voux \u2013 France<\/span><\/p>\n<p><span style=\"font-size: 14px;\">L\u2019utilisateur est notamment inform\u00e9 que les informations qu\u2019il communique par le biais des formulaires pr\u00e9sents sur le site sont n\u00e9cessaires pour r\u00e9pondre \u00e0 sa demande et sont destin\u00e9es \u00e0 SEGM, en tant que responsable du traitement \u00e0 des fins de gestion administrative et commerciale.<\/span><\/p>\n<p><span style=\"font-size: 14px;\">L\u2019utilisateur dispose \u00e9galement d\u2019un droit d\u2019opposition au traitement de ses donn\u00e9es pour des motifs l\u00e9gitimes ainsi qu\u2019un droit d\u2019opposition \u00e0 ce que ces donn\u00e9es soient utilis\u00e9es \u00e0 des fins de prospection commerciale.<\/span><\/p>\n<p><span style=\"font-size: 14px;\"><span style=\"font-size: 16px;\"><strong>Protection des donn\u00e9es<\/strong><\/span> <strong><span style=\"font-size: 16px;\">personnelles<\/span><\/strong><\/span><br \/><span style=\"font-size: 14px;\">La consultation du site www.segm.fr est possible sans que vous ayez \u00e0 r\u00e9v\u00e9ler votre identit\u00e9 ou toute autre information \u00e0 caract\u00e8re personnel vous concernant.<\/span><\/p>\n<p><span style=\"font-size: 14px;\">Si vous \u00eates abonn\u00e9s \u00e0 des services d\u2019information par courrier \u00e9lectronique (\u00ab newsletter \u00bb) vous pouvez demander \u00e0 ne plus recevoir ces courriers.<\/span><\/p>\n<p><span style=\"font-size: 16px;\"><strong>La confidentialit\u00e9<\/strong><\/span><br \/><span style=\"font-size: 14px;\">SEGM s\u2019engage \u00e0 respecter la confidentialit\u00e9 des informations recueillies sur notre site web. Nous nous interdisons toute revente de fichiers, qu\u2019il s\u2019agisse d\u2019adresses postales, d\u2019adresses e-mail, de num\u00e9ros de t\u00e9l\u00e9phone, de t\u00e9l\u00e9copie ou de tout autre renseignement. Vos coordonn\u00e9es ne seront utilis\u00e9es que pour satisfaire vos demandes. Elles pourront \u00e9galement nous servir \u00e0 vous informer des op\u00e9rations promotionnelles ou des nouveaux produits (sauf avis contraire de votre part);<\/span><\/p>\n<p><span style=\"font-size: 16px;\"><strong>S\u00e9curit\u00e9<\/strong><\/span><br \/><span style=\"font-size: 14px;\">Nous prenons toutes les pr\u00e9cautions utiles afin de pr\u00e9server l\u2019int\u00e9grit\u00e9 des donn\u00e9es, leur confidentialit\u00e9 et emp\u00eacher toute communication \u00e0 des tiers non autoris\u00e9s.<\/span><\/p>\n<p><span style=\"font-size: 16px;\"><strong>Propri\u00e9t\u00e9 intellectuelle<\/strong><\/span><br \/><span style=\"font-size: 14px;\">L\u2019ensemble des contenus du site www.segm.fr (images, photos, illustrations, contenu r\u00e9dactionnel, vid\u00e9os\u2026) est soumis \u00e0 la l\u00e9gislation fran\u00e7aise et internationale en vigueur en mati\u00e8re de propri\u00e9t\u00e9 intellectuelle (droit d\u2019auteur, droit des marques, droit des bases de donn\u00e9es \u2026). Toute reproduction ou repr\u00e9sentation, totale ou partielle, du site www.segm.fr par quelque proc\u00e9d\u00e9 que ce soit, n\u2019est permise qu\u2019en vue d\u2019un usage strictement priv\u00e9. Toute autre utilisation est interdite sauf autorisation pr\u00e9alable et expresse de la soci\u00e9t\u00e9 SEGM.<\/span><\/p>\n<p><span style=\"font-size: 14px;\">SEGM ne saurait \u00eatre responsable de l\u2019acc\u00e8s par les utilisateurs via les liens hypertextes mis en place dans le cadre du site internet en direction d\u2019autres ressources pr\u00e9sentes sur le web.<\/span><\/p>\n<p><span style=\"font-size: 14px;\">Tout litige en relation avec l\u2019utilisation du site \u00ab www.segm.fr\u00bb est soumis au droit fran\u00e7ais. L\u2019utilisateur reconna\u00eet la comp\u00e9tence exclusive des tribunaux comp\u00e9tents de Bourg-en-Bresse.<\/span><\/p>\n<p><span style=\"font-size: 16px;\"><strong>Liens hypertextes<\/strong><\/span><br \/><span style=\"font-size: 14px;\">La mise en place d\u2019un lien hypertexte vers le site https:\/\/www.segm.fr ne n\u00e9cessite pas d\u2019autorisation pr\u00e9alable et \u00e9crite de SEGM. N\u00e9anmoins, SEGM doit en \u00eatre inform\u00e9 dans un d\u00e9lai maximum de 30 jours apr\u00e8s la mise en place du lien.<\/span><\/p>\n<p><span style=\"font-size: 14px;\">En tout \u00e9tat de cause, SEGM n\u2019est en aucun cas tenue responsable du contenu ainsi que des produits ou services propos\u00e9s sur les sites auxquels le site www.segm.fr se trouverait li\u00e9 par des liens hypertextes ou tout autre type de lien.<\/span><\/p>\n<p><span style=\"font-size: 16px;\"><strong>Informations relatives aux produits<\/strong><\/span><br \/><span style=\"font-size: 14px;\">Dans le cadre d\u2019une politique d\u2019am\u00e9lioration constante de ses services, SEGM peut modifier \u00e0 tout moment les caract\u00e9ristiques de son offre. Les services pr\u00e9sent\u00e9s sur ce site sont ceux distribu\u00e9s en France m\u00e9tropolitaine.<\/span><\/p>\n<p><span style=\"font-size: 14px;\">En tout \u00e9tat de cause, les informations contenues sur ce site sont des informations \u00e0 caract\u00e8re g\u00e9n\u00e9ral et n\u2019ont pas valeur contractuelle.<\/span><\/p>\n<p><span style=\"font-size: 16px;\"><strong>Limitation de responsabilit\u00e9<\/strong><\/span><br \/><span style=\"font-size: 14px;\">Vous utilisez le site www.segm.fr sous votre seule et enti\u00e8re responsabilit\u00e9. SEGM ne pourra \u00eatre tenu pour responsable des dommages directs ou indirects, tels que, notamment, pr\u00e9judice mat\u00e9riel, pertes de donn\u00e9es ou de programme, pr\u00e9judice financier, r\u00e9sultant de l\u2019utilisation de ce site ou de sites qui lui sont li\u00e9s.<\/span><\/p>\n<p><strong><span style=\"font-size: 16px;\">Mise \u00e0 jour<\/span><\/strong><br \/><span style=\"font-size: 14px;\">SEGM se r\u00e9serve le droit de modifier et de mettre \u00e0 jour, sans pr\u00e9avis, les pr\u00e9sentes mentions l\u00e9gales et tous les \u00e9l\u00e9ments, produits pr\u00e9sent\u00e9s sur le site. L\u2019ensemble de ces modifications s\u2019impose aux internautes qui doivent consulter les pr\u00e9sentes Conditions G\u00e9n\u00e9rales lors de chaque connexion.<\/span><\/p>\n<p><strong><span style=\"font-size: 14px;\">Cr\u00e9ation et mise en page du site web<\/span><\/strong><br \/><strong><span style=\"font-size: 14px;\">Kr\u00e9a Communication<\/span><\/strong><br \/><span style=\"font-size: 14px;\">Graphiste Freelance<\/span><br \/><span style=\"font-size: 14px;\">1383, route de Civrieux<\/span><br \/><span style=\"font-size: 14px;\">01600 Massieux<\/span><br \/><span style=\"font-size: 14px;\">T\u00e9l. 06 77 96 82 22<\/span><br \/><a href=\"https:\/\/www.krea-communication.fr\" target=\"_blank\" rel=\"noopener\"><span style=\"font-size: 14px;\">www.krea-communication.fr<\/span><\/a><\/p>\t\t\t\t\t\t\t\t<\/div>\n\t\t\t\t<\/div>\n\t\t\t\t\t<\/div>\n\t\t<\/div>\n\t\t\t\t\t<\/div>\n\t\t<\/section>\n\t\t\t\t<\/div>\n\t\t","protected":false},"excerpt":{"rendered":"<p>Limitation de responsabilit\u00e9L\u2019utilisateur reconna\u00eet avoir pris connaissance des pr\u00e9sentes conditions d\u2019utilisation et s\u2019engage \u00e0 les respecter.L\u2019utilisateur du site internet \u00ab<\/p>\n","protected":false},"author":2,"featured_media":0,"parent":0,"menu_order":0,"comment_status":"closed","ping_status":"closed","template":"","meta":{"colormag_page_container_layout":"default_layout","colormag_page_sidebar_layout":"default_layout","ngg_post_thumbnail":0,"footnotes":""},"class_list":["post-234","page","type-page","status-publish","hentry"],"yoast_head":"<!-- This site is optimized with the Yoast SEO plugin v27.3 - https:\/\/yoast.com\/product\/yoast-seo-wordpress\/ -->\n<title>Legal mentions - SEGM GB<\/title>\n<meta name=\"robots\" content=\"index, follow, max-snippet:-1, max-image-preview:large, max-video-preview:-1\" \/>\n<link rel=\"canonical\" href=\"https:\/\/www.segm.fr\/gb\/mentions-legales\/\" \/>\n<meta property=\"og:locale\" content=\"fr_FR\" \/>\n<meta property=\"og:type\" content=\"article\" \/>\n<meta property=\"og:title\" content=\"Legal mentions - SEGM GB\" \/>\n<meta property=\"og:description\" content=\"Limitation de responsabilit\u00e9L\u2019utilisateur reconna\u00eet avoir pris connaissance des pr\u00e9sentes conditions d\u2019utilisation et s\u2019engage \u00e0 les respecter.L\u2019utilisateur du site internet \u00ab\" \/>\n<meta property=\"og:url\" content=\"https:\/\/www.segm.fr\/gb\/mentions-legales\/\" \/>\n<meta property=\"og:site_name\" content=\"SEGM GB\" \/>\n<meta property=\"article:modified_time\" content=\"2021-05-20T12:38:08+00:00\" \/>\n<meta name=\"twitter:card\" content=\"summary_large_image\" \/>\n<meta name=\"twitter:label1\" content=\"Dur\u00e9e de lecture estim\u00e9e\" \/>\n\t<meta name=\"twitter:data1\" content=\"4 minutes\" \/>\n<script type=\"application\/ld+json\" class=\"yoast-schema-graph\">{\"@context\":\"https:\\\/\\\/schema.org\",\"@graph\":[{\"@type\":\"WebPage\",\"@id\":\"https:\\\/\\\/www.segm.fr\\\/gb\\\/mentions-legales\\\/\",\"url\":\"https:\\\/\\\/www.segm.fr\\\/gb\\\/mentions-legales\\\/\",\"name\":\"Legal mentions - SEGM GB\",\"isPartOf\":{\"@id\":\"https:\\\/\\\/www.segm.fr\\\/gb\\\/#website\"},\"datePublished\":\"2015-11-23T18:23:43+00:00\",\"dateModified\":\"2021-05-20T12:38:08+00:00\",\"breadcrumb\":{\"@id\":\"https:\\\/\\\/www.segm.fr\\\/gb\\\/mentions-legales\\\/#breadcrumb\"},\"inLanguage\":\"fr-FR\",\"potentialAction\":[{\"@type\":\"ReadAction\",\"target\":[\"https:\\\/\\\/www.segm.fr\\\/gb\\\/mentions-legales\\\/\"]}]},{\"@type\":\"BreadcrumbList\",\"@id\":\"https:\\\/\\\/www.segm.fr\\\/gb\\\/mentions-legales\\\/#breadcrumb\",\"itemListElement\":[{\"@type\":\"ListItem\",\"position\":1,\"name\":\"Accueil\",\"item\":\"https:\\\/\\\/www.segm.fr\\\/gb\\\/\"},{\"@type\":\"ListItem\",\"position\":2,\"name\":\"Legal mentions\"}]},{\"@type\":\"WebSite\",\"@id\":\"https:\\\/\\\/www.segm.fr\\\/gb\\\/#website\",\"url\":\"https:\\\/\\\/www.segm.fr\\\/gb\\\/\",\"name\":\"SEGM GB\",\"description\":\"SEGM - Precision mechanics company\",\"publisher\":{\"@id\":\"https:\\\/\\\/www.segm.fr\\\/gb\\\/#organization\"},\"potentialAction\":[{\"@type\":\"SearchAction\",\"target\":{\"@type\":\"EntryPoint\",\"urlTemplate\":\"https:\\\/\\\/www.segm.fr\\\/gb\\\/?s={search_term_string}\"},\"query-input\":{\"@type\":\"PropertyValueSpecification\",\"valueRequired\":true,\"valueName\":\"search_term_string\"}}],\"inLanguage\":\"fr-FR\"},{\"@type\":\"Organization\",\"@id\":\"https:\\\/\\\/www.segm.fr\\\/gb\\\/#organization\",\"name\":\"SEGM GB\",\"url\":\"https:\\\/\\\/www.segm.fr\\\/gb\\\/\",\"logo\":{\"@type\":\"ImageObject\",\"inLanguage\":\"fr-FR\",\"@id\":\"https:\\\/\\\/www.segm.fr\\\/gb\\\/#\\\/schema\\\/logo\\\/image\\\/\",\"url\":\"https:\\\/\\\/www.segm.fr\\\/gb\\\/wp-content\\\/uploads\\\/sites\\\/2\\\/2022\\\/06\\\/cropped-Logo-SEGM-2022-site.png\",\"contentUrl\":\"https:\\\/\\\/www.segm.fr\\\/gb\\\/wp-content\\\/uploads\\\/sites\\\/2\\\/2022\\\/06\\\/cropped-Logo-SEGM-2022-site.png\",\"width\":270,\"height\":106,\"caption\":\"SEGM GB\"},\"image\":{\"@id\":\"https:\\\/\\\/www.segm.fr\\\/gb\\\/#\\\/schema\\\/logo\\\/image\\\/\"}}]}<\/script>\n<!-- \/ Yoast SEO plugin. -->","yoast_head_json":{"title":"Legal mentions - SEGM GB","robots":{"index":"index","follow":"follow","max-snippet":"max-snippet:-1","max-image-preview":"max-image-preview:large","max-video-preview":"max-video-preview:-1"},"canonical":"https:\/\/www.segm.fr\/gb\/mentions-legales\/","og_locale":"fr_FR","og_type":"article","og_title":"Legal mentions - SEGM GB","og_description":"Limitation de responsabilit\u00e9L\u2019utilisateur reconna\u00eet avoir pris connaissance des pr\u00e9sentes conditions d\u2019utilisation et s\u2019engage \u00e0 les respecter.L\u2019utilisateur du site internet \u00ab","og_url":"https:\/\/www.segm.fr\/gb\/mentions-legales\/","og_site_name":"SEGM GB","article_modified_time":"2021-05-20T12:38:08+00:00","twitter_card":"summary_large_image","twitter_misc":{"Dur\u00e9e de lecture estim\u00e9e":"4 minutes"},"schema":{"@context":"https:\/\/schema.org","@graph":[{"@type":"WebPage","@id":"https:\/\/www.segm.fr\/gb\/mentions-legales\/","url":"https:\/\/www.segm.fr\/gb\/mentions-legales\/","name":"Legal mentions - SEGM GB","isPartOf":{"@id":"https:\/\/www.segm.fr\/gb\/#website"},"datePublished":"2015-11-23T18:23:43+00:00","dateModified":"2021-05-20T12:38:08+00:00","breadcrumb":{"@id":"https:\/\/www.segm.fr\/gb\/mentions-legales\/#breadcrumb"},"inLanguage":"fr-FR","potentialAction":[{"@type":"ReadAction","target":["https:\/\/www.segm.fr\/gb\/mentions-legales\/"]}]},{"@type":"BreadcrumbList","@id":"https:\/\/www.segm.fr\/gb\/mentions-legales\/#breadcrumb","itemListElement":[{"@type":"ListItem","position":1,"name":"Accueil","item":"https:\/\/www.segm.fr\/gb\/"},{"@type":"ListItem","position":2,"name":"Legal mentions"}]},{"@type":"WebSite","@id":"https:\/\/www.segm.fr\/gb\/#website","url":"https:\/\/www.segm.fr\/gb\/","name":"SEGM GB","description":"SEGM - Precision mechanics company","publisher":{"@id":"https:\/\/www.segm.fr\/gb\/#organization"},"potentialAction":[{"@type":"SearchAction","target":{"@type":"EntryPoint","urlTemplate":"https:\/\/www.segm.fr\/gb\/?s={search_term_string}"},"query-input":{"@type":"PropertyValueSpecification","valueRequired":true,"valueName":"search_term_string"}}],"inLanguage":"fr-FR"},{"@type":"Organization","@id":"https:\/\/www.segm.fr\/gb\/#organization","name":"SEGM GB","url":"https:\/\/www.segm.fr\/gb\/","logo":{"@type":"ImageObject","inLanguage":"fr-FR","@id":"https:\/\/www.segm.fr\/gb\/#\/schema\/logo\/image\/","url":"https:\/\/www.segm.fr\/gb\/wp-content\/uploads\/sites\/2\/2022\/06\/cropped-Logo-SEGM-2022-site.png","contentUrl":"https:\/\/www.segm.fr\/gb\/wp-content\/uploads\/sites\/2\/2022\/06\/cropped-Logo-SEGM-2022-site.png","width":270,"height":106,"caption":"SEGM GB"},"image":{"@id":"https:\/\/www.segm.fr\/gb\/#\/schema\/logo\/image\/"}}]}},"_links":{"self":[{"href":"https:\/\/www.segm.fr\/gb\/wp-json\/wp\/v2\/pages\/234","targetHints":{"allow":["GET"]}}],"collection":[{"href":"https:\/\/www.segm.fr\/gb\/wp-json\/wp\/v2\/pages"}],"about":[{"href":"https:\/\/www.segm.fr\/gb\/wp-json\/wp\/v2\/types\/page"}],"author":[{"embeddable":true,"href":"https:\/\/www.segm.fr\/gb\/wp-json\/wp\/v2\/users\/2"}],"replies":[{"embeddable":true,"href":"https:\/\/www.segm.fr\/gb\/wp-json\/wp\/v2\/comments?post=234"}],"version-history":[{"count":6,"href":"https:\/\/www.segm.fr\/gb\/wp-json\/wp\/v2\/pages\/234\/revisions"}],"predecessor-version":[{"id":609,"href":"https:\/\/www.segm.fr\/gb\/wp-json\/wp\/v2\/pages\/234\/revisions\/609"}],"wp:attachment":[{"href":"https:\/\/www.segm.fr\/gb\/wp-json\/wp\/v2\/media?parent=234"}],"curies":[{"name":"wp","href":"https:\/\/api.w.org\/{rel}","templated":true}]}}